{"id":1757,"date":"2022-05-17T08:27:36","date_gmt":"2022-05-17T13:27:36","guid":{"rendered":"https:\/\/dpiglobal.com\/restablecimiento-de-la-contrasena\/"},"modified":"2022-11-01T11:22:01","modified_gmt":"2022-11-01T16:22:01","slug":"restablecimiento-de-la-contrasena","status":"publish","type":"page","link":"https:\/\/dpiglobal.com\/es\/restablecimiento-de-la-contrasena\/","title":{"rendered":"Restablecimiento de la contrase\u00f1a"},"content":{"rendered":"<div class=\"um um-password um-um_password_id\">\n\t<div class=\"um-form\">\n\t\t<form method=\"post\" action=\"\">\n\t\t\t\n\t\t\t\t<input type=\"hidden\" name=\"_um_password_reset\" id=\"_um_password_reset\" value=\"1\" \/>\n\n\t\t\t\t\t\t\t\t\t<div class=\"um-field um-field-block um-field-type_block\">\n\t\t\t\t\t\t<div class=\"um-field-block\">\n\t\t\t\t\t\t\t<div style=\"text-align:center;\">\n\t\t\t\t\t\t\t\tPara restablecer tu contrase\u00f1a, por favor, introduce a continuaci\u00f3n tu direcci\u00f3n de correo electr\u00f3nico o nombre de usuario.\t\t\t\t\t\t\t<\/div>\n\t\t\t\t\t\t<\/div>\n\t\t\t\t\t<\/div>\n\t\t\t\t\t<div  id=\"um_field_0_username_b\" class=\"um-field um-field-text  um-field-username_b um-field-text um-field-type_text\" data-key=\"username_b\"><div class=\"um-field-area\"><input  autocomplete=\"off\" class=\"um-form-field valid \" type=\"text\" name=\"username_b\" id=\"username_b\" value=\"\" placeholder=\"Introduce tu nombre de usuario o correo electr\u00f3nico\" data-validate=\"\" data-key=\"username_b\"  aria-invalid=\"false\" \/>\n\n\t\t\t\t\t\t<\/div><\/div>\t\t<div id=\"cf-turnstile-um-password\"\r\n\t\tclass=\"cf-turnstile\" \t\tdata-sitekey=\"0x4AAAAAACHqlDdR6GuP3r-1\"\r\n\t\tdata-theme=\"light\"\r\n\t\tdata-language=\"auto\"\r\n\t\tdata-size=\"normal\"\r\n\t\tdata-retry=\"auto\" data-retry-interval=\"1000\"\r\n\t\tdata-refresh-expired=\"auto\"\r\n\t\tdata-action=\"ultimate-member\"\r\n\t\t\t\tdata-appearance=\"always\"><\/div>\r\n\t\t\t<script>document.addEventListener(\"DOMContentLoaded\", function() { setTimeout(function(){ var e=document.getElementById(\"cf-turnstile-um-password\"); e&&!e.innerHTML.trim()&&(turnstile.remove(\"#cf-turnstile-um-password\"), turnstile.render(\"#cf-turnstile-um-password\", {sitekey:\"0x4AAAAAACHqlDdR6GuP3r-1\"})); }, 100); });<\/script>\r\n\t\t\t<br class=\"cf-turnstile-br cf-turnstile-br-um-password\">\r\n\t\t\t\t<style>#cf-turnstile-um-password { margin-left: -15px; }<\/style>\r\n\t\t\t\t\t\t<div class=\"um-col-alt um-col-alt-b\">\n\t\t\t\t\t<div class=\"um-center\">\n\t\t\t\t\t\t<input type=\"submit\" value=\"Restablecer contrase\u00f1a\" class=\"um-button\" id=\"um-submit-btn\" \/>\n\t\t\t\t\t<\/div>\n\t\t\t\t\t<div class=\"um-clear\"><\/div>\n\t\t\t\t<\/div>\n\t\t\t\t\t<input type=\"hidden\" name=\"form_id\" id=\"form_id_um_password_id\" value=\"um_password_id\" \/>\n\t\t<p class=\"um_request_name\">\n\t\t<label for=\"um_request_um_password_id\">Only fill in if you are not human<\/label>\n\t\t<input type=\"hidden\" name=\"um_request\" id=\"um_request_um_password_id\" class=\"input\" value=\"\" size=\"25\" autocomplete=\"off\" \/>\n\t<\/p>\n\t\t\t<\/form>\n\t<\/div>\n<\/div>\n<style>\n\t\t\t.um-um_password_id.um {\n\t\t\tmax-width: 450px;\n\t\t}\n\t\t<\/style>\n\n","protected":false},"excerpt":{"rendered":"<br \/>\n<h4 class=\"text-lowercase\"><a class=\"understrap-read-more-link\" href=\"https:\/\/dpiglobal.com\/es\/restablecimiento-de-la-contrasena\/\">Leer m\u00e1s&#8230;<span class=\"screen-reader-text\"> from Restablecimiento de la contrase\u00f1a<\/span><\/a><\/h4>\n","protected":false},"author":1,"featured_media":0,"parent":0,"menu_order":0,"comment_status":"closed","ping_status":"closed","template":"","meta":{"_acf_changed":false,"footnotes":""},"class_list":["post-1757","page","type-page","status-publish","hentry"],"acf":[],"yoast_head":"<!-- This site is optimized with the Yoast SEO plugin v26.8 - https:\/\/yoast.com\/product\/yoast-seo-wordpress\/ -->\n<title>Restablecimiento de la contrase\u00f1a | DPI Global<\/title>\n<meta name=\"robots\" content=\"index, follow, max-snippet:-1, max-image-preview:large, max-video-preview:-1\" \/>\n<link rel=\"canonical\" href=\"https:\/\/dpiglobal.com\/es\/restablecimiento-de-la-contrasena\/\" \/>\n<meta property=\"og:locale\" content=\"es_ES\" \/>\n<meta property=\"og:type\" content=\"article\" \/>\n<meta property=\"og:title\" content=\"Restablecimiento de la contrase\u00f1a | DPI Global\" \/>\n<meta property=\"og:description\" content=\"Leer m\u00e1s... from Restablecimiento de la contrase\u00f1a\" \/>\n<meta property=\"og:url\" content=\"https:\/\/dpiglobal.com\/es\/restablecimiento-de-la-contrasena\/\" \/>\n<meta property=\"og:site_name\" content=\"DPI Global\" \/>\n<meta property=\"article:modified_time\" content=\"2022-11-01T16:22:01+00:00\" \/>\n<meta name=\"twitter:card\" content=\"summary_large_image\" \/>\n<script type=\"application\/ld+json\" class=\"yoast-schema-graph\">{\"@context\":\"https:\/\/schema.org\",\"@graph\":[{\"@type\":\"WebPage\",\"@id\":\"https:\/\/dpiglobal.com\/es\/restablecimiento-de-la-contrasena\/\",\"url\":\"https:\/\/dpiglobal.com\/es\/restablecimiento-de-la-contrasena\/\",\"name\":\"Restablecimiento de la contrase\u00f1a | DPI Global\",\"isPartOf\":{\"@id\":\"https:\/\/dpiglobal.com\/es\/#website\"},\"datePublished\":\"2022-05-17T13:27:36+00:00\",\"dateModified\":\"2022-11-01T16:22:01+00:00\",\"breadcrumb\":{\"@id\":\"https:\/\/dpiglobal.com\/es\/restablecimiento-de-la-contrasena\/#breadcrumb\"},\"inLanguage\":\"es\",\"potentialAction\":[{\"@type\":\"ReadAction\",\"target\":[\"https:\/\/dpiglobal.com\/es\/restablecimiento-de-la-contrasena\/\"]}]},{\"@type\":\"BreadcrumbList\",\"@id\":\"https:\/\/dpiglobal.com\/es\/restablecimiento-de-la-contrasena\/#breadcrumb\",\"itemListElement\":[{\"@type\":\"ListItem\",\"position\":1,\"name\":\"Home\",\"item\":\"https:\/\/dpiglobal.com\/es\/\"},{\"@type\":\"ListItem\",\"position\":2,\"name\":\"Restablecimiento de la contrase\u00f1a\"}]},{\"@type\":\"WebSite\",\"@id\":\"https:\/\/dpiglobal.com\/es\/#website\",\"url\":\"https:\/\/dpiglobal.com\/es\/\",\"name\":\"DPI Global\",\"description\":\"Distributors Processing Inc.\",\"publisher\":{\"@id\":\"https:\/\/dpiglobal.com\/es\/#organization\"},\"potentialAction\":[{\"@type\":\"SearchAction\",\"target\":{\"@type\":\"EntryPoint\",\"urlTemplate\":\"https:\/\/dpiglobal.com\/es\/?s={search_term_string}\"},\"query-input\":{\"@type\":\"PropertyValueSpecification\",\"valueRequired\":true,\"valueName\":\"search_term_string\"}}],\"inLanguage\":\"es\"},{\"@type\":\"Organization\",\"@id\":\"https:\/\/dpiglobal.com\/es\/#organization\",\"name\":\"DPI Global\",\"url\":\"https:\/\/dpiglobal.com\/es\/\",\"logo\":{\"@type\":\"ImageObject\",\"inLanguage\":\"es\",\"@id\":\"https:\/\/dpiglobal.com\/es\/#\/schema\/logo\/image\/\",\"url\":\"https:\/\/dpiglobal.com\/wp-content\/uploads\/2021\/10\/logo-blue.png\",\"contentUrl\":\"https:\/\/dpiglobal.com\/wp-content\/uploads\/2021\/10\/logo-blue.png\",\"width\":356,\"height\":241,\"caption\":\"DPI Global\"},\"image\":{\"@id\":\"https:\/\/dpiglobal.com\/es\/#\/schema\/logo\/image\/\"},\"sameAs\":[\"https:\/\/www.linkedin.com\/company\/distributors-processing-inc.\/\"]}]}<\/script>\n<!-- \/ Yoast SEO plugin. -->","yoast_head_json":{"title":"Restablecimiento de la contrase\u00f1a | DPI Global","robots":{"index":"index","follow":"follow","max-snippet":"max-snippet:-1","max-image-preview":"max-image-preview:large","max-video-preview":"max-video-preview:-1"},"canonical":"https:\/\/dpiglobal.com\/es\/restablecimiento-de-la-contrasena\/","og_locale":"es_ES","og_type":"article","og_title":"Restablecimiento de la contrase\u00f1a | DPI Global","og_description":"Leer m\u00e1s... from Restablecimiento de la contrase\u00f1a","og_url":"https:\/\/dpiglobal.com\/es\/restablecimiento-de-la-contrasena\/","og_site_name":"DPI Global","article_modified_time":"2022-11-01T16:22:01+00:00","twitter_card":"summary_large_image","schema":{"@context":"https:\/\/schema.org","@graph":[{"@type":"WebPage","@id":"https:\/\/dpiglobal.com\/es\/restablecimiento-de-la-contrasena\/","url":"https:\/\/dpiglobal.com\/es\/restablecimiento-de-la-contrasena\/","name":"Restablecimiento de la contrase\u00f1a | DPI Global","isPartOf":{"@id":"https:\/\/dpiglobal.com\/es\/#website"},"datePublished":"2022-05-17T13:27:36+00:00","dateModified":"2022-11-01T16:22:01+00:00","breadcrumb":{"@id":"https:\/\/dpiglobal.com\/es\/restablecimiento-de-la-contrasena\/#breadcrumb"},"inLanguage":"es","potentialAction":[{"@type":"ReadAction","target":["https:\/\/dpiglobal.com\/es\/restablecimiento-de-la-contrasena\/"]}]},{"@type":"BreadcrumbList","@id":"https:\/\/dpiglobal.com\/es\/restablecimiento-de-la-contrasena\/#breadcrumb","itemListElement":[{"@type":"ListItem","position":1,"name":"Home","item":"https:\/\/dpiglobal.com\/es\/"},{"@type":"ListItem","position":2,"name":"Restablecimiento de la contrase\u00f1a"}]},{"@type":"WebSite","@id":"https:\/\/dpiglobal.com\/es\/#website","url":"https:\/\/dpiglobal.com\/es\/","name":"DPI Global","description":"Distributors Processing Inc.","publisher":{"@id":"https:\/\/dpiglobal.com\/es\/#organization"},"potentialAction":[{"@type":"SearchAction","target":{"@type":"EntryPoint","urlTemplate":"https:\/\/dpiglobal.com\/es\/?s={search_term_string}"},"query-input":{"@type":"PropertyValueSpecification","valueRequired":true,"valueName":"search_term_string"}}],"inLanguage":"es"},{"@type":"Organization","@id":"https:\/\/dpiglobal.com\/es\/#organization","name":"DPI Global","url":"https:\/\/dpiglobal.com\/es\/","logo":{"@type":"ImageObject","inLanguage":"es","@id":"https:\/\/dpiglobal.com\/es\/#\/schema\/logo\/image\/","url":"https:\/\/dpiglobal.com\/wp-content\/uploads\/2021\/10\/logo-blue.png","contentUrl":"https:\/\/dpiglobal.com\/wp-content\/uploads\/2021\/10\/logo-blue.png","width":356,"height":241,"caption":"DPI Global"},"image":{"@id":"https:\/\/dpiglobal.com\/es\/#\/schema\/logo\/image\/"},"sameAs":["https:\/\/www.linkedin.com\/company\/distributors-processing-inc.\/"]}]}},"_links":{"self":[{"href":"https:\/\/dpiglobal.com\/es\/wp-json\/wp\/v2\/pages\/1757","targetHints":{"allow":["GET"]}}],"collection":[{"href":"https:\/\/dpiglobal.com\/es\/wp-json\/wp\/v2\/pages"}],"about":[{"href":"https:\/\/dpiglobal.com\/es\/wp-json\/wp\/v2\/types\/page"}],"author":[{"embeddable":true,"href":"https:\/\/dpiglobal.com\/es\/wp-json\/wp\/v2\/users\/1"}],"replies":[{"embeddable":true,"href":"https:\/\/dpiglobal.com\/es\/wp-json\/wp\/v2\/comments?post=1757"}],"version-history":[{"count":1,"href":"https:\/\/dpiglobal.com\/es\/wp-json\/wp\/v2\/pages\/1757\/revisions"}],"predecessor-version":[{"id":1775,"href":"https:\/\/dpiglobal.com\/es\/wp-json\/wp\/v2\/pages\/1757\/revisions\/1775"}],"wp:attachment":[{"href":"https:\/\/dpiglobal.com\/es\/wp-json\/wp\/v2\/media?parent=1757"}],"curies":[{"name":"wp","href":"https:\/\/api.w.org\/{rel}","templated":true}]}}