{"id":1769,"date":"2022-05-26T13:06:21","date_gmt":"2022-05-26T18:06:21","guid":{"rendered":"https:\/\/dpiglobal.com\/politica-de-privacidad\/"},"modified":"2022-11-01T11:22:01","modified_gmt":"2022-11-01T16:22:01","slug":"politica-de-privacidad","status":"publish","type":"page","link":"https:\/\/dpiglobal.com\/es\/politica-de-privacidad\/","title":{"rendered":"Pol\u00edtica de privacidad"},"content":{"rendered":"<p>DPI GLOBAL (&#8220;nosotros&#8221; o &#8220;nuestro&#8221;) opera https:\/\/dpiglobal.com (el &#8220;Sitio&#8221;). Esta p\u00e1gina le informa de nuestras pol\u00edticas relativas a la recopilaci\u00f3n, el uso y la divulgaci\u00f3n de la informaci\u00f3n personal que recibimos de los usuarios del sitio.<\/p>\n<p>Utilizamos su informaci\u00f3n personal \u00fanicamente para proporcionar y mejorar el sitio. Al utilizar el Sitio, usted acepta la recopilaci\u00f3n y el uso de la informaci\u00f3n de acuerdo con esta pol\u00edtica.<\/p>\n<h4>Recogida y uso de la informaci\u00f3n<\/h4>\n<p>Al utilizar nuestro Sitio, es posible que le pidamos que nos proporcione cierta informaci\u00f3n de identificaci\u00f3n personal que pueda utilizarse para ponerse en contacto con usted o identificarle. La informaci\u00f3n personal identificable puede incluir, entre otros, su nombre, correo electr\u00f3nico, tel\u00e9fono y direcci\u00f3n (&#8220;informaci\u00f3n personal&#8221;).<\/p>\n<h4>Datos de registro<\/h4>\n<p>Al igual que muchos operadores de sitios web, recogemos la informaci\u00f3n que su navegador env\u00eda cada vez que visita nuestro sitio (&#8220;Datos de registro&#8221;).<\/p>\n<p>Estos datos de registro pueden incluir informaci\u00f3n como la direcci\u00f3n de protocolo de Internet (&#8220;IP&#8221;) de su ordenador, el tipo de navegador, la versi\u00f3n del navegador, las p\u00e1ginas de nuestro sitio que visita, la hora y la fecha de su visita, el tiempo que pasa en esas p\u00e1ginas y otras estad\u00edsticas.<\/p>\n<p>Adem\u00e1s, podemos utilizar servicios de terceros, como Google Analytics o un p\u00edxel de Facebook, que recogen, supervisan y analizan estos datos de registro.<\/p>\n<h4>Galletas<\/h4>\n<p>Las cookies son archivos con una peque\u00f1a cantidad de datos, que pueden incluir un identificador \u00fanico an\u00f3nimo. Las cookies se env\u00edan a su navegador desde un sitio web y se almacenan en el disco duro de su ordenador.<\/p>\n<p>Al igual que muchos sitios, utilizamos &#8220;cookies&#8221; para recopilar informaci\u00f3n. Puede ordenar a su navegador que rechace todas las cookies o que le indique cu\u00e1ndo se env\u00eda una cookie. Sin embargo, si no acepta las cookies, es posible que no pueda utilizar algunas partes de nuestro Sitio.<\/p>\n<h4>Seguridad<\/h4>\n<p>La seguridad de sus datos personales es importante para nosotros, pero recuerde que ning\u00fan m\u00e9todo de transmisi\u00f3n por Internet o de almacenamiento electr\u00f3nico es 100% seguro. Aunque nos esforzamos por utilizar medios comercialmente aceptables para proteger sus datos personales, no podemos garantizar su absoluta seguridad.<\/p>\n<h4>Cambios en esta pol\u00edtica de privacidad<\/h4>\n<p>Esta Pol\u00edtica de Privacidad es efectiva a partir de mayo de 2022 y permanecer\u00e1 en vigor excepto en lo que respecta a cualquier cambio en sus disposiciones en el futuro, que entrar\u00e1 en vigor inmediatamente despu\u00e9s de ser publicado en esta p\u00e1gina.<\/p>\n<p>Nos reservamos el derecho de actualizar o modificar nuestra pol\u00edtica de privacidad en cualquier momento, por lo que debe comprobarla peri\u00f3dicamente. Su uso continuado del Servicio despu\u00e9s de que publiquemos cualquier modificaci\u00f3n de nuestra Pol\u00edtica de Privacidad en esta p\u00e1gina constituir\u00e1 su reconocimiento de las modificaciones y su consentimiento para acatar y estar obligado por la Pol\u00edtica de Privacidad modificada.<\/p>\n<h4>Contacto<\/h4>\n<p>Si tiene alguna pregunta sobre esta pol\u00edtica de privacidad, p\u00f3ngase en contacto con nosotros.<\/p>\n<p>DPI GLOBAL<br \/>\n<a href=\"mailto:info@dpiglobal.com\">info@dpiglobal.com<\/a><\/p>\n","protected":false},"excerpt":{"rendered":"<p>DPI GLOBAL (&#8220;nosotros&#8221; o &#8220;nuestro&#8221;) opera https:\/\/dpiglobal.com (el &#8220;Sitio&#8221;). Esta p\u00e1gina le informa de nuestras pol\u00edticas relativas a la recopilaci\u00f3n, <\/p>\n<h4 class=\"text-lowercase\"><a class=\"understrap-read-more-link\" href=\"https:\/\/dpiglobal.com\/es\/politica-de-privacidad\/\">Leer m\u00e1s&#8230;<span class=\"screen-reader-text\"> from Pol\u00edtica de privacidad<\/span><\/a><\/h4>\n","protected":false},"author":1,"featured_media":0,"parent":0,"menu_order":0,"comment_status":"closed","ping_status":"closed","template":"page-templates\/basic-page.php","meta":{"_acf_changed":false,"footnotes":""},"class_list":["post-1769","page","type-page","status-publish","hentry"],"acf":[],"yoast_head":"<!-- This site is optimized with the Yoast SEO plugin v27.3 - https:\/\/yoast.com\/product\/yoast-seo-wordpress\/ -->\n<title>Pol\u00edtica de privacidad | DPI Global<\/title>\n<meta name=\"robots\" content=\"index, follow, max-snippet:-1, max-image-preview:large, max-video-preview:-1\" \/>\n<link rel=\"canonical\" href=\"https:\/\/dpiglobal.com\/es\/politica-de-privacidad\/\" \/>\n<meta property=\"og:locale\" content=\"es_ES\" \/>\n<meta property=\"og:type\" content=\"article\" \/>\n<meta property=\"og:title\" content=\"Pol\u00edtica de privacidad | DPI Global\" \/>\n<meta property=\"og:description\" content=\"DPI GLOBAL (&#8220;nosotros&#8221; o &#8220;nuestro&#8221;) opera https:\/\/dpiglobal.com (el &#8220;Sitio&#8221;). Esta p\u00e1gina le informa de nuestras pol\u00edticas relativas a la recopilaci\u00f3n, Leer m\u00e1s... from Pol\u00edtica de privacidad\" \/>\n<meta property=\"og:url\" content=\"https:\/\/dpiglobal.com\/es\/politica-de-privacidad\/\" \/>\n<meta property=\"og:site_name\" content=\"DPI Global\" \/>\n<meta property=\"article:modified_time\" content=\"2022-11-01T16:22:01+00:00\" \/>\n<meta name=\"twitter:card\" content=\"summary_large_image\" \/>\n<meta name=\"twitter:label1\" content=\"Tiempo de lectura\" \/>\n\t<meta name=\"twitter:data1\" content=\"3 minutos\" \/>\n<script type=\"application\/ld+json\" class=\"yoast-schema-graph\">{\"@context\":\"https:\\\/\\\/schema.org\",\"@graph\":[{\"@type\":\"WebPage\",\"@id\":\"https:\\\/\\\/dpiglobal.com\\\/es\\\/politica-de-privacidad\\\/\",\"url\":\"https:\\\/\\\/dpiglobal.com\\\/es\\\/politica-de-privacidad\\\/\",\"name\":\"Pol\u00edtica de privacidad | DPI Global\",\"isPartOf\":{\"@id\":\"https:\\\/\\\/dpiglobal.com\\\/es\\\/#website\"},\"datePublished\":\"2022-05-26T18:06:21+00:00\",\"dateModified\":\"2022-11-01T16:22:01+00:00\",\"breadcrumb\":{\"@id\":\"https:\\\/\\\/dpiglobal.com\\\/es\\\/politica-de-privacidad\\\/#breadcrumb\"},\"inLanguage\":\"es\",\"potentialAction\":[{\"@type\":\"ReadAction\",\"target\":[\"https:\\\/\\\/dpiglobal.com\\\/es\\\/politica-de-privacidad\\\/\"]}]},{\"@type\":\"BreadcrumbList\",\"@id\":\"https:\\\/\\\/dpiglobal.com\\\/es\\\/politica-de-privacidad\\\/#breadcrumb\",\"itemListElement\":[{\"@type\":\"ListItem\",\"position\":1,\"name\":\"Home\",\"item\":\"https:\\\/\\\/dpiglobal.com\\\/es\\\/\"},{\"@type\":\"ListItem\",\"position\":2,\"name\":\"Pol\u00edtica de privacidad\"}]},{\"@type\":\"WebSite\",\"@id\":\"https:\\\/\\\/dpiglobal.com\\\/es\\\/#website\",\"url\":\"https:\\\/\\\/dpiglobal.com\\\/es\\\/\",\"name\":\"DPI Global\",\"description\":\"Distributors Processing Inc.\",\"publisher\":{\"@id\":\"https:\\\/\\\/dpiglobal.com\\\/es\\\/#organization\"},\"potentialAction\":[{\"@type\":\"SearchAction\",\"target\":{\"@type\":\"EntryPoint\",\"urlTemplate\":\"https:\\\/\\\/dpiglobal.com\\\/es\\\/?s={search_term_string}\"},\"query-input\":{\"@type\":\"PropertyValueSpecification\",\"valueRequired\":true,\"valueName\":\"search_term_string\"}}],\"inLanguage\":\"es\"},{\"@type\":\"Organization\",\"@id\":\"https:\\\/\\\/dpiglobal.com\\\/es\\\/#organization\",\"name\":\"DPI Global\",\"url\":\"https:\\\/\\\/dpiglobal.com\\\/es\\\/\",\"logo\":{\"@type\":\"ImageObject\",\"inLanguage\":\"es\",\"@id\":\"https:\\\/\\\/dpiglobal.com\\\/es\\\/#\\\/schema\\\/logo\\\/image\\\/\",\"url\":\"https:\\\/\\\/dpiglobal.com\\\/wp-content\\\/uploads\\\/2021\\\/10\\\/logo-blue.png\",\"contentUrl\":\"https:\\\/\\\/dpiglobal.com\\\/wp-content\\\/uploads\\\/2021\\\/10\\\/logo-blue.png\",\"width\":356,\"height\":241,\"caption\":\"DPI Global\"},\"image\":{\"@id\":\"https:\\\/\\\/dpiglobal.com\\\/es\\\/#\\\/schema\\\/logo\\\/image\\\/\"},\"sameAs\":[\"https:\\\/\\\/www.linkedin.com\\\/company\\\/distributors-processing-inc.\\\/\"]}]}<\/script>\n<!-- \/ Yoast SEO plugin. -->","yoast_head_json":{"title":"Pol\u00edtica de privacidad | DPI Global","robots":{"index":"index","follow":"follow","max-snippet":"max-snippet:-1","max-image-preview":"max-image-preview:large","max-video-preview":"max-video-preview:-1"},"canonical":"https:\/\/dpiglobal.com\/es\/politica-de-privacidad\/","og_locale":"es_ES","og_type":"article","og_title":"Pol\u00edtica de privacidad | DPI Global","og_description":"DPI GLOBAL (&#8220;nosotros&#8221; o &#8220;nuestro&#8221;) opera https:\/\/dpiglobal.com (el &#8220;Sitio&#8221;). Esta p\u00e1gina le informa de nuestras pol\u00edticas relativas a la recopilaci\u00f3n, Leer m\u00e1s... from Pol\u00edtica de privacidad","og_url":"https:\/\/dpiglobal.com\/es\/politica-de-privacidad\/","og_site_name":"DPI Global","article_modified_time":"2022-11-01T16:22:01+00:00","twitter_card":"summary_large_image","twitter_misc":{"Tiempo de lectura":"3 minutos"},"schema":{"@context":"https:\/\/schema.org","@graph":[{"@type":"WebPage","@id":"https:\/\/dpiglobal.com\/es\/politica-de-privacidad\/","url":"https:\/\/dpiglobal.com\/es\/politica-de-privacidad\/","name":"Pol\u00edtica de privacidad | DPI Global","isPartOf":{"@id":"https:\/\/dpiglobal.com\/es\/#website"},"datePublished":"2022-05-26T18:06:21+00:00","dateModified":"2022-11-01T16:22:01+00:00","breadcrumb":{"@id":"https:\/\/dpiglobal.com\/es\/politica-de-privacidad\/#breadcrumb"},"inLanguage":"es","potentialAction":[{"@type":"ReadAction","target":["https:\/\/dpiglobal.com\/es\/politica-de-privacidad\/"]}]},{"@type":"BreadcrumbList","@id":"https:\/\/dpiglobal.com\/es\/politica-de-privacidad\/#breadcrumb","itemListElement":[{"@type":"ListItem","position":1,"name":"Home","item":"https:\/\/dpiglobal.com\/es\/"},{"@type":"ListItem","position":2,"name":"Pol\u00edtica de privacidad"}]},{"@type":"WebSite","@id":"https:\/\/dpiglobal.com\/es\/#website","url":"https:\/\/dpiglobal.com\/es\/","name":"DPI Global","description":"Distributors Processing Inc.","publisher":{"@id":"https:\/\/dpiglobal.com\/es\/#organization"},"potentialAction":[{"@type":"SearchAction","target":{"@type":"EntryPoint","urlTemplate":"https:\/\/dpiglobal.com\/es\/?s={search_term_string}"},"query-input":{"@type":"PropertyValueSpecification","valueRequired":true,"valueName":"search_term_string"}}],"inLanguage":"es"},{"@type":"Organization","@id":"https:\/\/dpiglobal.com\/es\/#organization","name":"DPI Global","url":"https:\/\/dpiglobal.com\/es\/","logo":{"@type":"ImageObject","inLanguage":"es","@id":"https:\/\/dpiglobal.com\/es\/#\/schema\/logo\/image\/","url":"https:\/\/dpiglobal.com\/wp-content\/uploads\/2021\/10\/logo-blue.png","contentUrl":"https:\/\/dpiglobal.com\/wp-content\/uploads\/2021\/10\/logo-blue.png","width":356,"height":241,"caption":"DPI Global"},"image":{"@id":"https:\/\/dpiglobal.com\/es\/#\/schema\/logo\/image\/"},"sameAs":["https:\/\/www.linkedin.com\/company\/distributors-processing-inc.\/"]}]}},"_links":{"self":[{"href":"https:\/\/dpiglobal.com\/es\/wp-json\/wp\/v2\/pages\/1769","targetHints":{"allow":["GET"]}}],"collection":[{"href":"https:\/\/dpiglobal.com\/es\/wp-json\/wp\/v2\/pages"}],"about":[{"href":"https:\/\/dpiglobal.com\/es\/wp-json\/wp\/v2\/types\/page"}],"author":[{"embeddable":true,"href":"https:\/\/dpiglobal.com\/es\/wp-json\/wp\/v2\/users\/1"}],"replies":[{"embeddable":true,"href":"https:\/\/dpiglobal.com\/es\/wp-json\/wp\/v2\/comments?post=1769"}],"version-history":[{"count":1,"href":"https:\/\/dpiglobal.com\/es\/wp-json\/wp\/v2\/pages\/1769\/revisions"}],"predecessor-version":[{"id":1786,"href":"https:\/\/dpiglobal.com\/es\/wp-json\/wp\/v2\/pages\/1769\/revisions\/1786"}],"wp:attachment":[{"href":"https:\/\/dpiglobal.com\/es\/wp-json\/wp\/v2\/media?parent=1769"}],"curies":[{"name":"wp","href":"https:\/\/api.w.org\/{rel}","templated":true}]}}